{"id":200,"date":"2019-05-28T22:31:29","date_gmt":"2019-05-28T22:31:29","guid":{"rendered":"https:\/\/lucaspizzeria.de\/restaurant\/?page_id=200"},"modified":"2019-09-13T19:59:36","modified_gmt":"2019-09-13T19:59:36","slug":"info","status":"publish","type":"page","link":"https:\/\/lucaspizzeria.de\/restaurant\/info\/","title":{"rendered":"INFO"},"content":{"rendered":"<p>[et_pb_section fb_built=&#8221;1&#8243; _builder_version=&#8221;3.23.3&#8243; background_image=&#8221;https:\/\/lucaspizzeria.de\/restaurant\/wp-content\/uploads\/2019\/09\/buiten.jpeg&#8221;][et_pb_row _builder_version=&#8221;3.23.3&#8243; box_shadow_style=&#8221;preset6&#8243; width=&#8221;84.2%&#8221;][et_pb_column type=&#8221;1_2&#8243; _builder_version=&#8221;3.23.3&#8243;][et_pb_text _builder_version=&#8221;3.23.3&#8243; background_color=&#8221;#d6d6d6&#8243; box_shadow_style=&#8221;preset1&#8243; box_shadow_horizontal=&#8221;36px&#8221; box_shadow_vertical=&#8221;23px&#8221; box_shadow_blur=&#8221;70px&#8221; box_shadow_spread=&#8221;-4px&#8221; box_shadow_color=&#8221;#edf000&#8243; text_font=&#8221;||||||||&#8221; text_text_shadow_style=&#8221;preset4&#8243; text_text_shadow_color=&#8221;#e09900&#8243; link_font=&#8221;||||||||&#8221; ul_font=&#8221;||||||||&#8221; ol_font=&#8221;||||||||&#8221;]<\/p>\n<p style=\"padding-left: 30px;\">Wir von Lucas Pizzeria bieten nicht nur typische Gerichte wie Pizza und D\u00f6ner an, sondern auch eine Auswahl an Pasta, Salaten, Imbiss- und Schnitzelgerichte. f\u00fcr gro\u00dfe Feiern auch die Familienpizza ( Durchschnitt 40 cm) und die Partypizza ( Durchschnitt 50 cm). Sie k\u00f6nnen ihr essen gerne bei uns drinnen oder aber auf der Terrasse genie\u00dfen sowie sie ihr essen auch zuhause essen k\u00f6nnen, sei es durch abholen oder liefern.<br \/> Wir w\u00fcnschen ihnen einen guten Appetit.<\/p>\n<p>[\/et_pb_text][\/et_pb_column][et_pb_column type=&#8221;1_2&#8243; _builder_version=&#8221;3.23.3&#8243;][et_pb_image src=&#8221;https:\/\/lucaspizzeria.de\/restaurant\/wp-content\/uploads\/2019\/09\/IMG_3004.jpg&#8221; _builder_version=&#8221;3.23.3&#8243; box_shadow_style=&#8221;preset1&#8243; box_shadow_color=&#8221;#e02b20&#8243;][\/et_pb_image][\/et_pb_column][\/et_pb_row][\/et_pb_section]<\/p>\n","protected":false},"excerpt":{"rendered":"<p>Wir von Lucas Pizzeria bieten nicht nur typische Gerichte wie Pizza und D\u00f6ner an, sondern auch eine Auswahl an Pasta, Salaten, Imbiss- und Schnitzelgerichte. f\u00fcr gro\u00dfe Feiern auch die Familienpizza ( Durchschnitt 40 cm) und die Partypizza ( Durchschnitt 50 cm). Sie k\u00f6nnen ihr essen gerne bei uns drinnen oder aber auf der Terrasse genie\u00dfen [&hellip;]<\/p>\n","protected":false},"author":1,"featured_media":0,"parent":0,"menu_order":0,"comment_status":"closed","ping_status":"closed","template":"","meta":{"_et_pb_use_builder":"on","_et_pb_old_content":"","_et_gb_content_width":"","footnotes":""},"class_list":["post-200","page","type-page","status-publish","hentry"],"_links":{"self":[{"href":"https:\/\/lucaspizzeria.de\/restaurant\/wp-json\/wp\/v2\/pages\/200","targetHints":{"allow":["GET"]}}],"collection":[{"href":"https:\/\/lucaspizzeria.de\/restaurant\/wp-json\/wp\/v2\/pages"}],"about":[{"href":"https:\/\/lucaspizzeria.de\/restaurant\/wp-json\/wp\/v2\/types\/page"}],"author":[{"embeddable":true,"href":"https:\/\/lucaspizzeria.de\/restaurant\/wp-json\/wp\/v2\/users\/1"}],"replies":[{"embeddable":true,"href":"https:\/\/lucaspizzeria.de\/restaurant\/wp-json\/wp\/v2\/comments?post=200"}],"version-history":[{"count":7,"href":"https:\/\/lucaspizzeria.de\/restaurant\/wp-json\/wp\/v2\/pages\/200\/revisions"}],"predecessor-version":[{"id":288,"href":"https:\/\/lucaspizzeria.de\/restaurant\/wp-json\/wp\/v2\/pages\/200\/revisions\/288"}],"wp:attachment":[{"href":"https:\/\/lucaspizzeria.de\/restaurant\/wp-json\/wp\/v2\/media?parent=200"}],"curies":[{"name":"wp","href":"https:\/\/api.w.org\/{rel}","templated":true}]}}